{"id":3,"date":"2022-06-09T10:43:03","date_gmt":"2022-06-09T10:43:03","guid":{"rendered":"https:\/\/go.blitzmotors.com\/?page_id=3"},"modified":"2025-03-11T08:15:41","modified_gmt":"2025-03-11T07:15:41","slug":"privacy-policy","status":"publish","type":"page","link":"https:\/\/go.blitzmotors.com\/de\/privacy-policy\/","title":{"rendered":"Privacy policy"},"content":{"rendered":"<div data-elementor-type=\"wp-page\" data-elementor-id=\"3\" class=\"elementor elementor-3\" data-elementor-post-type=\"page\">\n\t\t\t\t<div class=\"elementor-element elementor-element-351a70cc e-flex e-con-boxed e-con e-parent\" data-id=\"351a70cc\" data-element_type=\"container\" data-e-type=\"container\">\n\t\t\t\t\t<div class=\"e-con-inner\">\n\t\t\t\t<div class=\"elementor-element elementor-element-aac8b11 elementor-widget elementor-widget-heading\" data-id=\"aac8b11\" data-element_type=\"widget\" data-e-type=\"widget\" data-widget_type=\"heading.default\">\n\t\t\t\t\t<h2 class=\"elementor-heading-title elementor-size-default\">Datenschutzbestimmungen<\/h2>\t\t\t\t<\/div>\n\t\t\t\t<div class=\"elementor-element elementor-element-2b382a54 elementor-widget elementor-widget-text-editor\" data-id=\"2b382a54\" data-element_type=\"widget\" data-e-type=\"widget\" data-widget_type=\"text-editor.default\">\n\t\t\t\t\t\t\t\t\t<h2 data-start=\"109\" data-end=\"128\"><strong data-start=\"112\" data-end=\"126\">Wer wir sind<\/strong><\/h2>\n<p data-start=\"129\" data-end=\"211\">Unsere Website-Adresse lautet: <a href=\"https:\/\/go.blitzmotors.com\/de\/\" target=\"_new\" rel=\"noopener\" data-start=\"153\" data-end=\"211\">https:\/\/go.blitzmotors.com\/<\/a><\/p>\n<hr data-start=\"213\" data-end=\"216\" \/>\n<h2 data-start=\"218\" data-end=\"235\"><strong data-start=\"221\" data-end=\"233\">Kommentare<\/strong><\/h2>\n<p data-start=\"236\" data-end=\"418\">Wenn Besucher Kommentare auf der Website hinterlassen, erfassen wir die im Kommentarformular angezeigten Daten zusammen mit der IP-Adresse des Besuchers und dem User-Agent-String des Browsers, um Spam zu erkennen.<\/p>\n<p data-start=\"420\" data-end=\"702\">Eine anonymisierte Zeichenfolge, die aus Ihrer E-Mail-Adresse generiert wird (auch als <strong data-start=\"490\" data-end=\"498\">Hash<\/strong>) k\u00f6nnen dem Kunden zur Verf\u00fcgung gestellt werden. <strong data-start=\"523\" data-end=\"535\">Gravatar<\/strong> Dienst, um zu pr\u00fcfen, ob Sie ihn verwenden. Der <strong data-start=\"578\" data-end=\"590\">Gravatar<\/strong> Die Datenschutzrichtlinie des Dienstes ist hier verf\u00fcgbar: <a href=\"https:\/\/automattic.com\/privacy\/\" target=\"_new\" rel=\"noopener\" data-start=\"633\" data-end=\"699\">https:\/\/automattic.com\/privacy\/<\/a>.<\/p>\n<p data-start=\"704\" data-end=\"818\">Nachdem Ihr Kommentar genehmigt wurde, wird Ihr Profilbild im Zusammenhang mit Ihrem Kommentar \u00f6ffentlich sichtbar.<\/p>\n<hr data-start=\"820\" data-end=\"823\" \/>\n<h2 data-start=\"825\" data-end=\"839\"><strong data-start=\"828\" data-end=\"837\">Medien<\/strong><\/h2>\n<p data-start=\"840\" data-end=\"1054\">Wenn Sie Bilder auf die Website hochladen, sollten Sie es vermeiden, Bilder hochzuladen, die Folgendes enthalten <strong data-start=\"924\" data-end=\"961\">eingebettete Standortdaten (EXIF-GPS)<\/strong>. Die Besucher der Website k\u00f6nnen alle Standortdaten von den Bildern auf der Website herunterladen und extrahieren.<\/p>\n<hr data-start=\"1056\" data-end=\"1059\" \/>\n<h2 data-start=\"1061\" data-end=\"1077\"><strong data-start=\"1064\" data-end=\"1075\">Cookies<\/strong><\/h2>\n<ul data-start=\"1079\" data-end=\"2147\">\n<li data-start=\"1079\" data-end=\"1358\"><strong data-start=\"1081\" data-end=\"1107\">Wenn Sie einen Kommentar hinterlassen<\/strong> auf unserer Website, k\u00f6nnen Sie sich f\u00fcr die Speicherung Ihrer <strong data-start=\"1151\" data-end=\"1187\">Name, E-Mail-Adresse und Website<\/strong> in Cookies. Diese dienen Ihrer Bequemlichkeit, damit Sie Ihre Daten nicht erneut eingeben m\u00fcssen, wenn Sie einen weiteren Kommentar hinterlassen. Diese Cookies bleiben bestehen f\u00fcr <strong data-start=\"1343\" data-end=\"1355\">ein Jahr<\/strong>.<\/li>\n<li data-start=\"1359\" data-end=\"1560\"><strong data-start=\"1361\" data-end=\"1392\">Wenn Sie unsere Login-Seite besuchen<\/strong>setzen wir eine <strong data-start=\"1408\" data-end=\"1428\">tempor\u00e4res Cookie<\/strong> um festzustellen, ob Ihr Browser Cookies annimmt. Dieses Cookie enth\u00e4lt keine pers\u00f6nlichen Daten und wird gel\u00f6scht, wenn Sie Ihren Browser schlie\u00dfen.<\/li>\n<li data-start=\"1561\" data-end=\"1915\"><strong data-start=\"1563\" data-end=\"1582\">Wenn Sie sich anmelden<\/strong>werden wir auch mehrere Cookies setzen, um Ihre Daten zu speichern. <strong data-start=\"1630\" data-end=\"1682\">Anmeldeinformationen und Einstellungen f\u00fcr die Bildschirmanzeige<\/strong>. Login-Cookies gelten f\u00fcr <strong data-start=\"1707\" data-end=\"1719\">zwei Tage<\/strong>und Bildschirmoptionen Cookies dauern f\u00fcr <strong data-start=\"1757\" data-end=\"1769\">ein Jahr<\/strong>. Wenn Sie w\u00e4hlen <strong data-start=\"1785\" data-end=\"1803\">\"Erinnere dich an mich\".<\/strong> Ihre Anmeldung bleibt bestehen f\u00fcr <strong data-start=\"1832\" data-end=\"1845\">zwei Wochen<\/strong>. Wenn Sie sich von Ihrem Konto abmelden, werden die Anmelde-Cookies entfernt.<\/li>\n<li data-start=\"1916\" data-end=\"2147\"><strong data-start=\"1918\" data-end=\"1955\">Wenn Sie einen Artikel bearbeiten oder ver\u00f6ffentlichen<\/strong>wird ein zus\u00e4tzliches Cookie in Ihrem Browser gespeichert. Dieses Cookie enth\u00e4lt keine pers\u00f6nlichen Daten und zeigt lediglich die <strong data-start=\"2077\" data-end=\"2088\">Post-ID<\/strong> des von Ihnen bearbeiteten Artikels. Er l\u00e4uft ab <strong data-start=\"2127\" data-end=\"2144\">nach einem Tag<\/strong>.<\/li>\n<\/ul>\n<hr data-start=\"2149\" data-end=\"2152\" \/>\n<h2 data-start=\"2154\" data-end=\"2199\"><strong data-start=\"2157\" data-end=\"2197\">Eingebettete Inhalte von anderen Websites<\/strong><\/h2>\n<p data-start=\"2200\" data-end=\"2402\">Die Artikel auf dieser Website k\u00f6nnen enthalten <strong data-start=\"2234\" data-end=\"2254\">eingebetteter Inhalt<\/strong> (z. B. Videos, Bilder, Artikel, usw.). Eingebettete Inhalte von anderen Websites verhalten sich <strong data-start=\"2340\" data-end=\"2399\">genau so, als ob der Besucher die andere Website besucht h\u00e4tte<\/strong>.<\/p>\n<p data-start=\"2404\" data-end=\"2651\">Diese Websites <strong data-start=\"2419\" data-end=\"2557\">kann Daten \u00fcber Sie sammeln, Cookies verwenden, zus\u00e4tzliche Verfolgungen durch Dritte einbetten und Ihre Interaktion mit den eingebetteten Inhalten \u00fcberwachen<\/strong>einschlie\u00dflich der Verfolgung Ihrer Interaktion, wenn Sie ein Konto haben und auf der Website angemeldet sind.<\/p>\n<hr data-start=\"2653\" data-end=\"2656\" \/>\n<h2 data-start=\"2658\" data-end=\"2694\"><strong data-start=\"2661\" data-end=\"2692\">Mit wem wir Ihre Daten teilen<\/strong><\/h2>\n<p data-start=\"2695\" data-end=\"2792\">Wenn Sie einen Antrag auf <strong data-start=\"2712\" data-end=\"2730\">Passwort zur\u00fccksetzen<\/strong>, Ihr <strong data-start=\"2737\" data-end=\"2751\">IP-Adresse<\/strong> werden in die <strong data-start=\"2776\" data-end=\"2791\">E-Mail zur\u00fccksetzen<\/strong>.<\/p>\n<hr data-start=\"2794\" data-end=\"2797\" \/>\n<h2 data-start=\"2799\" data-end=\"2836\"><strong data-start=\"2802\" data-end=\"2834\">Wie lange wir Ihre Daten aufbewahren<\/strong><\/h2>\n<ul data-start=\"2838\" data-end=\"3387\">\n<li data-start=\"2838\" data-end=\"3042\"><strong data-start=\"2840\" data-end=\"2866\">Wenn Sie einen Kommentar hinterlassen<\/strong>werden der Kommentar und seine Metadaten beibehalten <strong data-start=\"2910\" data-end=\"2926\">auf unbestimmte Zeit<\/strong>. So k\u00f6nnen wir Folgekommentare automatisch erkennen und freigeben, anstatt sie zur Moderation zur\u00fcckzuhalten.<\/li>\n<li data-start=\"3043\" data-end=\"3387\"><strong data-start=\"3045\" data-end=\"3086\">F\u00fcr Nutzer, die sich auf unserer Website registrieren<\/strong> (falls zutreffend), speichern wir die <strong data-start=\"3117\" data-end=\"3176\">pers\u00f6nliche Informationen, die sie in ihrem Benutzerprofil angeben<\/strong>.\n<ul data-start=\"3182\" data-end=\"3387\">\n<li data-start=\"3182\" data-end=\"3312\">Alle Benutzer k\u00f6nnen <strong data-start=\"3198\" data-end=\"3223\">anzeigen, bearbeiten oder l\u00f6schen<\/strong> ihre pers\u00f6nlichen Daten jederzeit \u00e4ndern (au\u00dfer sie <strong data-start=\"3276\" data-end=\"3308\">ihren Benutzernamen nicht \u00e4ndern k\u00f6nnen<\/strong>).<\/li>\n<li data-start=\"3315\" data-end=\"3387\"><strong data-start=\"3317\" data-end=\"3343\">Website-Verwalter<\/strong> kann auch <strong data-start=\"3353\" data-end=\"3369\">sehen und bearbeiten<\/strong> diese Informationen.<\/li>\n<\/ul>\n<\/li>\n<\/ul>\n<hr data-start=\"3389\" data-end=\"3392\" \/>\n<h2 data-start=\"3394\" data-end=\"3438\"><strong data-start=\"3397\" data-end=\"3436\">Welche Rechte Sie \u00fcber Ihre Daten haben<\/strong><\/h2>\n<ul data-start=\"3439\" data-end=\"3825\">\n<li data-start=\"3439\" data-end=\"3631\">Wenn Sie eine <strong data-start=\"3456\" data-end=\"3480\">Konto auf dieser Website<\/strong> oder haben <strong data-start=\"3489\" data-end=\"3506\">linke Kommentare<\/strong>k\u00f6nnen Sie <strong data-start=\"3516\" data-end=\"3565\">eine exportierte Datei mit den personenbezogenen Daten anfordern<\/strong> die wir \u00fcber Sie gespeichert haben, einschlie\u00dflich der von Ihnen bereitgestellten Informationen.<\/li>\n<li data-start=\"3632\" data-end=\"3712\">Sie k\u00f6nnen auch <strong data-start=\"3647\" data-end=\"3691\">die L\u00f6schung personenbezogener Daten zu verlangen<\/strong> die wir \u00fcber Sie haben.<\/li>\n<li data-start=\"3713\" data-end=\"3825\">Diese <strong data-start=\"3720\" data-end=\"3740\">umfasst nicht<\/strong> alle Daten, die wir aufbewahren m\u00fcssen f\u00fcr <strong data-start=\"3777\" data-end=\"3824\">administrative, rechtliche oder Sicherheitszwecke<\/strong>.<\/li>\n<\/ul>\n<hr data-start=\"3827\" data-end=\"3830\" \/>\n<h2 data-start=\"3832\" data-end=\"3864\"><strong data-start=\"3835\" data-end=\"3862\">Wohin Ihre Daten gesendet werden<\/strong><\/h2>\n<p data-start=\"3865\" data-end=\"3945\">Die Kommentare der Besucher k\u00f6nnen \u00fcber ein <strong data-start=\"3908\" data-end=\"3944\">automatischer Spam-Erkennungsdienst<\/strong>.<\/p>\n<p><!-- \/wp:paragraph --><\/p>\t\t\t\t\t\t\t\t<\/div>\n\t\t\t\t\t<\/div>\n\t\t\t\t<\/div>\n\t\t\t\t<\/div>","protected":false},"excerpt":{"rendered":"<p>Privacy Policy Who We Are Our website address is: https:\/\/go.blitzmotors.com\/ Comments When visitors leave comments on the site, we collect the data displayed in the comments form, along with the visitor\u2019s IP address and browser user-agent string to help detect spam. An anonymized string generated from your email address (also called a hash) may be [&hellip;]<\/p>\n","protected":false},"author":1,"featured_media":0,"parent":0,"menu_order":0,"comment_status":"closed","ping_status":"closed","template":"","meta":{"footnotes":""},"class_list":["post-3","page","type-page","status-publish","hentry"],"yoast_head":"<!-- This site is optimized with the Yoast SEO plugin v27.4 - https:\/\/yoast.com\/product\/yoast-seo-wordpress\/ -->\n<title>Privacy policy - Blitz<\/title>\n<meta name=\"robots\" content=\"index, follow, max-snippet:-1, max-image-preview:large, max-video-preview:-1\" \/>\n<link rel=\"canonical\" href=\"https:\/\/go.blitzmotors.com\/de\/privacy-policy\/\" \/>\n<meta property=\"og:locale\" content=\"de_DE\" \/>\n<meta property=\"og:type\" content=\"article\" \/>\n<meta property=\"og:title\" content=\"Privacy policy - Blitz\" \/>\n<meta property=\"og:description\" content=\"Privacy Policy Who We Are Our website address is: https:\/\/go.blitzmotors.com\/ Comments When visitors leave comments on the site, we collect the data displayed in the comments form, along with the visitor\u2019s IP address and browser user-agent string to help detect spam. An anonymized string generated from your email address (also called a hash) may be [&hellip;]\" \/>\n<meta property=\"og:url\" content=\"https:\/\/go.blitzmotors.com\/de\/privacy-policy\/\" \/>\n<meta property=\"og:site_name\" content=\"Blitz\" \/>\n<meta property=\"article:modified_time\" content=\"2025-03-11T07:15:41+00:00\" \/>\n<meta name=\"twitter:card\" content=\"summary_large_image\" \/>\n<meta name=\"twitter:label1\" content=\"Gesch\u00e4tzte Lesezeit\" \/>\n\t<meta name=\"twitter:data1\" content=\"3\u00a0Minuten\" \/>\n<script type=\"application\/ld+json\" class=\"yoast-schema-graph\">{\"@context\":\"https:\\\/\\\/schema.org\",\"@graph\":[{\"@type\":\"WebPage\",\"@id\":\"https:\\\/\\\/go.blitzmotors.com\\\/privacy-policy\\\/\",\"url\":\"https:\\\/\\\/go.blitzmotors.com\\\/privacy-policy\\\/\",\"name\":\"Privacy policy - Blitz\",\"isPartOf\":{\"@id\":\"https:\\\/\\\/go.blitzmotors.com\\\/#website\"},\"datePublished\":\"2022-06-09T10:43:03+00:00\",\"dateModified\":\"2025-03-11T07:15:41+00:00\",\"breadcrumb\":{\"@id\":\"https:\\\/\\\/go.blitzmotors.com\\\/privacy-policy\\\/#breadcrumb\"},\"inLanguage\":\"de\",\"potentialAction\":[{\"@type\":\"ReadAction\",\"target\":[\"https:\\\/\\\/go.blitzmotors.com\\\/privacy-policy\\\/\"]}]},{\"@type\":\"BreadcrumbList\",\"@id\":\"https:\\\/\\\/go.blitzmotors.com\\\/privacy-policy\\\/#breadcrumb\",\"itemListElement\":[{\"@type\":\"ListItem\",\"position\":1,\"name\":\"Home\",\"item\":\"https:\\\/\\\/go.blitzmotors.com\\\/\"},{\"@type\":\"ListItem\",\"position\":2,\"name\":\"Privacy policy\"}]},{\"@type\":\"WebSite\",\"@id\":\"https:\\\/\\\/go.blitzmotors.com\\\/#website\",\"url\":\"https:\\\/\\\/go.blitzmotors.com\\\/\",\"name\":\"Blitz\",\"description\":\"For Business\",\"publisher\":{\"@id\":\"https:\\\/\\\/go.blitzmotors.com\\\/#organization\"},\"potentialAction\":[{\"@type\":\"SearchAction\",\"target\":{\"@type\":\"EntryPoint\",\"urlTemplate\":\"https:\\\/\\\/go.blitzmotors.com\\\/?s={search_term_string}\"},\"query-input\":{\"@type\":\"PropertyValueSpecification\",\"valueRequired\":true,\"valueName\":\"search_term_string\"}}],\"inLanguage\":\"de\"},{\"@type\":\"Organization\",\"@id\":\"https:\\\/\\\/go.blitzmotors.com\\\/#organization\",\"name\":\"Blitz\",\"url\":\"https:\\\/\\\/go.blitzmotors.com\\\/\",\"logo\":{\"@type\":\"ImageObject\",\"inLanguage\":\"de\",\"@id\":\"https:\\\/\\\/go.blitzmotors.com\\\/#\\\/schema\\\/logo\\\/image\\\/\",\"url\":\"https:\\\/\\\/go.blitzmotors.com\\\/wp-content\\\/uploads\\\/2022\\\/06\\\/logo.png\",\"contentUrl\":\"https:\\\/\\\/go.blitzmotors.com\\\/wp-content\\\/uploads\\\/2022\\\/06\\\/logo.png\",\"width\":522,\"height\":157,\"caption\":\"Blitz\"},\"image\":{\"@id\":\"https:\\\/\\\/go.blitzmotors.com\\\/#\\\/schema\\\/logo\\\/image\\\/\"}}]}<\/script>\n<!-- \/ Yoast SEO plugin. -->","yoast_head_json":{"title":"Privacy policy - Blitz","robots":{"index":"index","follow":"follow","max-snippet":"max-snippet:-1","max-image-preview":"max-image-preview:large","max-video-preview":"max-video-preview:-1"},"canonical":"https:\/\/go.blitzmotors.com\/de\/privacy-policy\/","og_locale":"de_DE","og_type":"article","og_title":"Privacy policy - Blitz","og_description":"Privacy Policy Who We Are Our website address is: https:\/\/go.blitzmotors.com\/ Comments When visitors leave comments on the site, we collect the data displayed in the comments form, along with the visitor\u2019s IP address and browser user-agent string to help detect spam. An anonymized string generated from your email address (also called a hash) may be [&hellip;]","og_url":"https:\/\/go.blitzmotors.com\/de\/privacy-policy\/","og_site_name":"Blitz","article_modified_time":"2025-03-11T07:15:41+00:00","twitter_card":"summary_large_image","twitter_misc":{"Gesch\u00e4tzte Lesezeit":"3\u00a0Minuten"},"schema":{"@context":"https:\/\/schema.org","@graph":[{"@type":"WebPage","@id":"https:\/\/go.blitzmotors.com\/privacy-policy\/","url":"https:\/\/go.blitzmotors.com\/privacy-policy\/","name":"Privacy policy - Blitz","isPartOf":{"@id":"https:\/\/go.blitzmotors.com\/#website"},"datePublished":"2022-06-09T10:43:03+00:00","dateModified":"2025-03-11T07:15:41+00:00","breadcrumb":{"@id":"https:\/\/go.blitzmotors.com\/privacy-policy\/#breadcrumb"},"inLanguage":"de","potentialAction":[{"@type":"ReadAction","target":["https:\/\/go.blitzmotors.com\/privacy-policy\/"]}]},{"@type":"BreadcrumbList","@id":"https:\/\/go.blitzmotors.com\/privacy-policy\/#breadcrumb","itemListElement":[{"@type":"ListItem","position":1,"name":"Home","item":"https:\/\/go.blitzmotors.com\/"},{"@type":"ListItem","position":2,"name":"Privacy policy"}]},{"@type":"WebSite","@id":"https:\/\/go.blitzmotors.com\/#website","url":"https:\/\/go.blitzmotors.com\/","name":"Blitz","description":"F\u00fcr Unternehmen","publisher":{"@id":"https:\/\/go.blitzmotors.com\/#organization"},"potentialAction":[{"@type":"SearchAction","target":{"@type":"EntryPoint","urlTemplate":"https:\/\/go.blitzmotors.com\/?s={search_term_string}"},"query-input":{"@type":"PropertyValueSpecification","valueRequired":true,"valueName":"search_term_string"}}],"inLanguage":"de"},{"@type":"Organization","@id":"https:\/\/go.blitzmotors.com\/#organization","name":"Blitz","url":"https:\/\/go.blitzmotors.com\/","logo":{"@type":"ImageObject","inLanguage":"de","@id":"https:\/\/go.blitzmotors.com\/#\/schema\/logo\/image\/","url":"https:\/\/go.blitzmotors.com\/wp-content\/uploads\/2022\/06\/logo.png","contentUrl":"https:\/\/go.blitzmotors.com\/wp-content\/uploads\/2022\/06\/logo.png","width":522,"height":157,"caption":"Blitz"},"image":{"@id":"https:\/\/go.blitzmotors.com\/#\/schema\/logo\/image\/"}}]}},"_links":{"self":[{"href":"https:\/\/go.blitzmotors.com\/de\/wp-json\/wp\/v2\/pages\/3","targetHints":{"allow":["GET"]}}],"collection":[{"href":"https:\/\/go.blitzmotors.com\/de\/wp-json\/wp\/v2\/pages"}],"about":[{"href":"https:\/\/go.blitzmotors.com\/de\/wp-json\/wp\/v2\/types\/page"}],"author":[{"embeddable":true,"href":"https:\/\/go.blitzmotors.com\/de\/wp-json\/wp\/v2\/users\/1"}],"replies":[{"embeddable":true,"href":"https:\/\/go.blitzmotors.com\/de\/wp-json\/wp\/v2\/comments?post=3"}],"version-history":[{"count":7,"href":"https:\/\/go.blitzmotors.com\/de\/wp-json\/wp\/v2\/pages\/3\/revisions"}],"predecessor-version":[{"id":1161,"href":"https:\/\/go.blitzmotors.com\/de\/wp-json\/wp\/v2\/pages\/3\/revisions\/1161"}],"wp:attachment":[{"href":"https:\/\/go.blitzmotors.com\/de\/wp-json\/wp\/v2\/media?parent=3"}],"curies":[{"name":"wp","href":"https:\/\/api.w.org\/{rel}","templated":true}]}}