{"id":3,"date":"2022-06-09T10:43:03","date_gmt":"2022-06-09T10:43:03","guid":{"rendered":"https:\/\/go.blitzmotors.com\/?page_id=3"},"modified":"2025-03-11T08:15:41","modified_gmt":"2025-03-11T07:15:41","slug":"privacy-policy","status":"publish","type":"page","link":"https:\/\/go.blitzmotors.com\/fr\/privacy-policy\/","title":{"rendered":"Privacy policy"},"content":{"rendered":"<div data-elementor-type=\"wp-page\" data-elementor-id=\"3\" class=\"elementor elementor-3\" data-elementor-post-type=\"page\">\n\t\t\t\t<div class=\"elementor-element elementor-element-351a70cc e-flex e-con-boxed e-con e-parent\" data-id=\"351a70cc\" data-element_type=\"container\" data-e-type=\"container\">\n\t\t\t\t\t<div class=\"e-con-inner\">\n\t\t\t\t<div class=\"elementor-element elementor-element-aac8b11 elementor-widget elementor-widget-heading\" data-id=\"aac8b11\" data-element_type=\"widget\" data-e-type=\"widget\" data-widget_type=\"heading.default\">\n\t\t\t\t\t<h2 class=\"elementor-heading-title elementor-size-default\">Politique de confidentialit\u00e9<\/h2>\t\t\t\t<\/div>\n\t\t\t\t<div class=\"elementor-element elementor-element-2b382a54 elementor-widget elementor-widget-text-editor\" data-id=\"2b382a54\" data-element_type=\"widget\" data-e-type=\"widget\" data-widget_type=\"text-editor.default\">\n\t\t\t\t\t\t\t\t\t<h2 data-start=\"109\" data-end=\"128\"><strong data-start=\"112\" data-end=\"126\">Qui sommes-nous ?<\/strong><\/h2>\n<p data-start=\"129\" data-end=\"211\">L'adresse de notre site web est la suivante : <a href=\"https:\/\/go.blitzmotors.com\/fr\/\" target=\"_new\" rel=\"noopener\" data-start=\"153\" data-end=\"211\">https:\/\/go.blitzmotors.com\/<\/a><\/p>\n<hr data-start=\"213\" data-end=\"216\" \/>\n<h2 data-start=\"218\" data-end=\"235\"><strong data-start=\"221\" data-end=\"233\">Commentaires<\/strong><\/h2>\n<p data-start=\"236\" data-end=\"418\">Lorsque les visiteurs laissent des commentaires sur le site, nous collectons les donn\u00e9es affich\u00e9es dans le formulaire de commentaires, ainsi que l'adresse IP du visiteur et la cha\u00eene de l'agent utilisateur du navigateur pour aider \u00e0 d\u00e9tecter les spams.<\/p>\n<p data-start=\"420\" data-end=\"702\">Une cha\u00eene de caract\u00e8res anonyme g\u00e9n\u00e9r\u00e9e \u00e0 partir de votre adresse \u00e9lectronique (\u00e9galement appel\u00e9e \"code de s\u00e9curit\u00e9\"). <strong data-start=\"490\" data-end=\"498\">hachage<\/strong>) peut \u00eatre fournie \u00e0 l <strong data-start=\"523\" data-end=\"535\">Gravatar<\/strong> pour v\u00e9rifier si vous l'utilisez. Le service <strong data-start=\"578\" data-end=\"590\">Gravatar<\/strong> La politique de confidentialit\u00e9 du service est disponible ici : <a href=\"https:\/\/automattic.com\/privacy\/\" target=\"_new\" rel=\"noopener\" data-start=\"633\" data-end=\"699\">https:\/\/automattic.com\/privacy\/<\/a>.<\/p>\n<p data-start=\"704\" data-end=\"818\">Une fois votre commentaire approuv\u00e9, votre photo de profil sera visible par le public dans le contexte de votre commentaire.<\/p>\n<hr data-start=\"820\" data-end=\"823\" \/>\n<h2 data-start=\"825\" data-end=\"839\"><strong data-start=\"828\" data-end=\"837\">Les m\u00e9dias<\/strong><\/h2>\n<p data-start=\"840\" data-end=\"1054\">Si vous t\u00e9l\u00e9chargez des images sur le site web, vous devez \u00e9viter de t\u00e9l\u00e9charger des images qui contiennent <strong data-start=\"924\" data-end=\"961\">donn\u00e9es de localisation int\u00e9gr\u00e9es (EXIF GPS)<\/strong>. Les visiteurs du site web peuvent t\u00e9l\u00e9charger et extraire n'importe quelle donn\u00e9e de localisation \u00e0 partir des images du site.<\/p>\n<hr data-start=\"1056\" data-end=\"1059\" \/>\n<h2 data-start=\"1061\" data-end=\"1077\"><strong data-start=\"1064\" data-end=\"1075\">Cookies<\/strong><\/h2>\n<ul data-start=\"1079\" data-end=\"2147\">\n<li data-start=\"1079\" data-end=\"1358\"><strong data-start=\"1081\" data-end=\"1107\">Si vous laissez un commentaire<\/strong> sur notre site, vous pouvez choisir de sauvegarder vos donn\u00e9es. <strong data-start=\"1151\" data-end=\"1187\">nom, adresse \u00e9lectronique et site web<\/strong> dans les cookies. Ceux-ci sont destin\u00e9s \u00e0 vous faciliter la t\u00e2che afin que vous n'ayez pas \u00e0 remplir \u00e0 nouveau vos coordonn\u00e9es lorsque vous laissez un autre commentaire. Ces cookies ont une dur\u00e9e de vie de <strong data-start=\"1343\" data-end=\"1355\">un an<\/strong>.<\/li>\n<li data-start=\"1359\" data-end=\"1560\"><strong data-start=\"1361\" data-end=\"1392\">Si vous visitez notre page de connexion<\/strong>, nous fixerons un <strong data-start=\"1408\" data-end=\"1428\">cookie temporaire<\/strong> pour d\u00e9terminer si votre navigateur accepte les cookies. Ce cookie ne contient aucune donn\u00e9e personnelle et est supprim\u00e9 lorsque vous fermez votre navigateur.<\/li>\n<li data-start=\"1561\" data-end=\"1915\"><strong data-start=\"1563\" data-end=\"1582\">Lorsque vous vous connectez<\/strong>Nous mettrons \u00e9galement en place plusieurs cookies afin d'enregistrer vos donn\u00e9es. <strong data-start=\"1630\" data-end=\"1682\">les informations de connexion et les pr\u00e9f\u00e9rences d'affichage \u00e0 l'\u00e9cran<\/strong>. Les cookies de connexion durent <strong data-start=\"1707\" data-end=\"1719\">deux jours<\/strong>et les options de l'\u00e9cran durent jusqu'\u00e0 la fin de l'ann\u00e9e. <strong data-start=\"1757\" data-end=\"1769\">un an<\/strong>. Si vous s\u00e9lectionnez <strong data-start=\"1785\" data-end=\"1803\">\"Remember Me\", \"Remember Me\", \"Remember Me\", \"Remember Me\", \"Remember Me\".<\/strong> votre login persistera pendant <strong data-start=\"1832\" data-end=\"1845\">deux semaines<\/strong>. Si vous vous d\u00e9connectez de votre compte, les cookies de connexion seront supprim\u00e9s.<\/li>\n<li data-start=\"1916\" data-end=\"2147\"><strong data-start=\"1918\" data-end=\"1955\">Si vous \u00e9ditez ou publiez un article<\/strong>Un cookie suppl\u00e9mentaire sera enregistr\u00e9 dans votre navigateur. Ce cookie ne contient pas de donn\u00e9es personnelles et indique simplement l'adresse du site web. <strong data-start=\"2077\" data-end=\"2088\">ID du poste<\/strong> de l'article que vous avez \u00e9dit\u00e9. Elle expire <strong data-start=\"2127\" data-end=\"2144\">apr\u00e8s un jour<\/strong>.<\/li>\n<\/ul>\n<hr data-start=\"2149\" data-end=\"2152\" \/>\n<h2 data-start=\"2154\" data-end=\"2199\"><strong data-start=\"2157\" data-end=\"2197\">Contenu int\u00e9gr\u00e9 d'autres sites web<\/strong><\/h2>\n<p data-start=\"2200\" data-end=\"2402\">Les articles sur ce site peuvent inclure <strong data-start=\"2234\" data-end=\"2254\">contenu int\u00e9gr\u00e9<\/strong> (par exemple, vid\u00e9os, images, articles, etc.). Le contenu incorpor\u00e9 provenant d'autres sites web se comporte <strong data-start=\"2340\" data-end=\"2399\">exactement comme si le visiteur avait visit\u00e9 l'autre site web<\/strong>.<\/p>\n<p data-start=\"2404\" data-end=\"2651\">Ces sites web <strong data-start=\"2419\" data-end=\"2557\">peut collecter des donn\u00e9es vous concernant, utiliser des cookies, int\u00e9grer un suivi suppl\u00e9mentaire par des tiers et surveiller votre interaction avec le contenu int\u00e9gr\u00e9<\/strong>y compris le suivi de votre interaction si vous avez un compte et \u00eates connect\u00e9 \u00e0 ce site web.<\/p>\n<hr data-start=\"2653\" data-end=\"2656\" \/>\n<h2 data-start=\"2658\" data-end=\"2694\"><strong data-start=\"2661\" data-end=\"2692\">Avec qui partageons-nous vos donn\u00e9es ?<\/strong><\/h2>\n<p data-start=\"2695\" data-end=\"2792\">Si vous demandez une <strong data-start=\"2712\" data-end=\"2730\">r\u00e9initialisation du mot de passe<\/strong>, votre <strong data-start=\"2737\" data-end=\"2751\">Adresse IP<\/strong> sera incluse dans le <strong data-start=\"2776\" data-end=\"2791\">r\u00e9initialiser l'email<\/strong>.<\/p>\n<hr data-start=\"2794\" data-end=\"2797\" \/>\n<h2 data-start=\"2799\" data-end=\"2836\"><strong data-start=\"2802\" data-end=\"2834\">Dur\u00e9e de conservation des donn\u00e9es<\/strong><\/h2>\n<ul data-start=\"2838\" data-end=\"3387\">\n<li data-start=\"2838\" data-end=\"3042\"><strong data-start=\"2840\" data-end=\"2866\">Si vous laissez un commentaire<\/strong>le commentaire et ses m\u00e9tadonn\u00e9es sont conserv\u00e9s <strong data-start=\"2910\" data-end=\"2926\">ind\u00e9finiment<\/strong>. Cela nous permet de reconna\u00eetre et d'approuver automatiquement les commentaires de suivi au lieu de les mettre en attente de mod\u00e9ration.<\/li>\n<li data-start=\"3043\" data-end=\"3387\"><strong data-start=\"3045\" data-end=\"3086\">Pour les utilisateurs qui s'inscrivent sur notre site web<\/strong> (le cas \u00e9ch\u00e9ant), nous stockons les <strong data-start=\"3117\" data-end=\"3176\">les informations personnelles qu'ils fournissent dans leur profil d'utilisateur<\/strong>.\n<ul data-start=\"3182\" data-end=\"3387\">\n<li data-start=\"3182\" data-end=\"3312\">Tous les utilisateurs peuvent <strong data-start=\"3198\" data-end=\"3223\">visualiser, modifier ou supprimer<\/strong> leurs donn\u00e9es personnelles \u00e0 tout moment (sauf s'ils <strong data-start=\"3276\" data-end=\"3308\">ne peuvent pas changer leur nom d'utilisateur<\/strong>).<\/li>\n<li data-start=\"3315\" data-end=\"3387\"><strong data-start=\"3317\" data-end=\"3343\">Administrateurs de sites web<\/strong> peut \u00e9galement <strong data-start=\"3353\" data-end=\"3369\">voir et modifier<\/strong> cette information.<\/li>\n<\/ul>\n<\/li>\n<\/ul>\n<hr data-start=\"3389\" data-end=\"3392\" \/>\n<h2 data-start=\"3394\" data-end=\"3438\"><strong data-start=\"3397\" data-end=\"3436\">Quels sont vos droits sur vos donn\u00e9es ?<\/strong><\/h2>\n<ul data-start=\"3439\" data-end=\"3825\">\n<li data-start=\"3439\" data-end=\"3631\">Si vous avez un <strong data-start=\"3456\" data-end=\"3480\">compte sur ce site<\/strong> ou avoir <strong data-start=\"3489\" data-end=\"3506\">Commentaires de gauche<\/strong>vous pouvez <strong data-start=\"3516\" data-end=\"3565\">demander un fichier export\u00e9 des donn\u00e9es personnelles<\/strong> que nous d\u00e9tenons \u00e0 votre sujet, y compris toute information que vous avez fournie.<\/li>\n<li data-start=\"3632\" data-end=\"3712\">Vous pouvez \u00e9galement <strong data-start=\"3647\" data-end=\"3691\">demander que nous supprimions toute donn\u00e9e \u00e0 caract\u00e8re personnel<\/strong> que nous d\u00e9tenons \u00e0 votre sujet.<\/li>\n<li data-start=\"3713\" data-end=\"3825\">Le pr\u00e9sent <strong data-start=\"3720\" data-end=\"3740\">ne comprend pas<\/strong> toute donn\u00e9e que nous sommes oblig\u00e9s de conserver pour <strong data-start=\"3777\" data-end=\"3824\">\u00e0 des fins administratives, juridiques ou de s\u00e9curit\u00e9<\/strong>.<\/li>\n<\/ul>\n<hr data-start=\"3827\" data-end=\"3830\" \/>\n<h2 data-start=\"3832\" data-end=\"3864\"><strong data-start=\"3835\" data-end=\"3862\">O\u00f9 sont envoy\u00e9es vos donn\u00e9es<\/strong><\/h2>\n<p data-start=\"3865\" data-end=\"3945\">Les commentaires des visiteurs peuvent \u00eatre v\u00e9rifi\u00e9s \u00e0 l'aide d'un <strong data-start=\"3908\" data-end=\"3944\">service de d\u00e9tection automatis\u00e9e des spams<\/strong>.<\/p>\n<p><!-- \/wp:paragraph --><\/p>\t\t\t\t\t\t\t\t<\/div>\n\t\t\t\t\t<\/div>\n\t\t\t\t<\/div>\n\t\t\t\t<\/div>","protected":false},"excerpt":{"rendered":"<p>Privacy Policy Who We Are Our website address is: https:\/\/go.blitzmotors.com\/ Comments When visitors leave comments on the site, we collect the data displayed in the comments form, along with the visitor\u2019s IP address and browser user-agent string to help detect spam. An anonymized string generated from your email address (also called a hash) may be [&hellip;]<\/p>\n","protected":false},"author":1,"featured_media":0,"parent":0,"menu_order":0,"comment_status":"closed","ping_status":"closed","template":"","meta":{"footnotes":""},"class_list":["post-3","page","type-page","status-publish","hentry"],"yoast_head":"<!-- This site is optimized with the Yoast SEO plugin v27.4 - https:\/\/yoast.com\/product\/yoast-seo-wordpress\/ -->\n<title>Privacy policy - Blitz<\/title>\n<meta name=\"robots\" content=\"index, follow, max-snippet:-1, max-image-preview:large, max-video-preview:-1\" \/>\n<link rel=\"canonical\" href=\"https:\/\/go.blitzmotors.com\/fr\/privacy-policy\/\" \/>\n<meta property=\"og:locale\" content=\"fr_FR\" \/>\n<meta property=\"og:type\" content=\"article\" \/>\n<meta property=\"og:title\" content=\"Privacy policy - Blitz\" \/>\n<meta property=\"og:description\" content=\"Privacy Policy Who We Are Our website address is: https:\/\/go.blitzmotors.com\/ Comments When visitors leave comments on the site, we collect the data displayed in the comments form, along with the visitor\u2019s IP address and browser user-agent string to help detect spam. An anonymized string generated from your email address (also called a hash) may be [&hellip;]\" \/>\n<meta property=\"og:url\" content=\"https:\/\/go.blitzmotors.com\/fr\/privacy-policy\/\" \/>\n<meta property=\"og:site_name\" content=\"Blitz\" \/>\n<meta property=\"article:modified_time\" content=\"2025-03-11T07:15:41+00:00\" \/>\n<meta name=\"twitter:card\" content=\"summary_large_image\" \/>\n<meta name=\"twitter:label1\" content=\"Dur\u00e9e de lecture est.\" \/>\n\t<meta name=\"twitter:data1\" content=\"3 minutes\" \/>\n<script type=\"application\/ld+json\" class=\"yoast-schema-graph\">{\"@context\":\"https:\\\/\\\/schema.org\",\"@graph\":[{\"@type\":\"WebPage\",\"@id\":\"https:\\\/\\\/go.blitzmotors.com\\\/privacy-policy\\\/\",\"url\":\"https:\\\/\\\/go.blitzmotors.com\\\/privacy-policy\\\/\",\"name\":\"Privacy policy - Blitz\",\"isPartOf\":{\"@id\":\"https:\\\/\\\/go.blitzmotors.com\\\/#website\"},\"datePublished\":\"2022-06-09T10:43:03+00:00\",\"dateModified\":\"2025-03-11T07:15:41+00:00\",\"breadcrumb\":{\"@id\":\"https:\\\/\\\/go.blitzmotors.com\\\/privacy-policy\\\/#breadcrumb\"},\"inLanguage\":\"fr-BE\",\"potentialAction\":[{\"@type\":\"ReadAction\",\"target\":[\"https:\\\/\\\/go.blitzmotors.com\\\/privacy-policy\\\/\"]}]},{\"@type\":\"BreadcrumbList\",\"@id\":\"https:\\\/\\\/go.blitzmotors.com\\\/privacy-policy\\\/#breadcrumb\",\"itemListElement\":[{\"@type\":\"ListItem\",\"position\":1,\"name\":\"Home\",\"item\":\"https:\\\/\\\/go.blitzmotors.com\\\/\"},{\"@type\":\"ListItem\",\"position\":2,\"name\":\"Privacy policy\"}]},{\"@type\":\"WebSite\",\"@id\":\"https:\\\/\\\/go.blitzmotors.com\\\/#website\",\"url\":\"https:\\\/\\\/go.blitzmotors.com\\\/\",\"name\":\"Blitz\",\"description\":\"For Business\",\"publisher\":{\"@id\":\"https:\\\/\\\/go.blitzmotors.com\\\/#organization\"},\"potentialAction\":[{\"@type\":\"SearchAction\",\"target\":{\"@type\":\"EntryPoint\",\"urlTemplate\":\"https:\\\/\\\/go.blitzmotors.com\\\/?s={search_term_string}\"},\"query-input\":{\"@type\":\"PropertyValueSpecification\",\"valueRequired\":true,\"valueName\":\"search_term_string\"}}],\"inLanguage\":\"fr-BE\"},{\"@type\":\"Organization\",\"@id\":\"https:\\\/\\\/go.blitzmotors.com\\\/#organization\",\"name\":\"Blitz\",\"url\":\"https:\\\/\\\/go.blitzmotors.com\\\/\",\"logo\":{\"@type\":\"ImageObject\",\"inLanguage\":\"fr-BE\",\"@id\":\"https:\\\/\\\/go.blitzmotors.com\\\/#\\\/schema\\\/logo\\\/image\\\/\",\"url\":\"https:\\\/\\\/go.blitzmotors.com\\\/wp-content\\\/uploads\\\/2022\\\/06\\\/logo.png\",\"contentUrl\":\"https:\\\/\\\/go.blitzmotors.com\\\/wp-content\\\/uploads\\\/2022\\\/06\\\/logo.png\",\"width\":522,\"height\":157,\"caption\":\"Blitz\"},\"image\":{\"@id\":\"https:\\\/\\\/go.blitzmotors.com\\\/#\\\/schema\\\/logo\\\/image\\\/\"}}]}<\/script>\n<!-- \/ Yoast SEO plugin. -->","yoast_head_json":{"title":"Privacy policy - Blitz","robots":{"index":"index","follow":"follow","max-snippet":"max-snippet:-1","max-image-preview":"max-image-preview:large","max-video-preview":"max-video-preview:-1"},"canonical":"https:\/\/go.blitzmotors.com\/fr\/privacy-policy\/","og_locale":"fr_FR","og_type":"article","og_title":"Privacy policy - Blitz","og_description":"Privacy Policy Who We Are Our website address is: https:\/\/go.blitzmotors.com\/ Comments When visitors leave comments on the site, we collect the data displayed in the comments form, along with the visitor\u2019s IP address and browser user-agent string to help detect spam. An anonymized string generated from your email address (also called a hash) may be [&hellip;]","og_url":"https:\/\/go.blitzmotors.com\/fr\/privacy-policy\/","og_site_name":"Blitz","article_modified_time":"2025-03-11T07:15:41+00:00","twitter_card":"summary_large_image","twitter_misc":{"Dur\u00e9e de lecture est.":"3 minutes"},"schema":{"@context":"https:\/\/schema.org","@graph":[{"@type":"WebPage","@id":"https:\/\/go.blitzmotors.com\/privacy-policy\/","url":"https:\/\/go.blitzmotors.com\/privacy-policy\/","name":"Privacy policy - Blitz","isPartOf":{"@id":"https:\/\/go.blitzmotors.com\/#website"},"datePublished":"2022-06-09T10:43:03+00:00","dateModified":"2025-03-11T07:15:41+00:00","breadcrumb":{"@id":"https:\/\/go.blitzmotors.com\/privacy-policy\/#breadcrumb"},"inLanguage":"fr-BE","potentialAction":[{"@type":"ReadAction","target":["https:\/\/go.blitzmotors.com\/privacy-policy\/"]}]},{"@type":"BreadcrumbList","@id":"https:\/\/go.blitzmotors.com\/privacy-policy\/#breadcrumb","itemListElement":[{"@type":"ListItem","position":1,"name":"Home","item":"https:\/\/go.blitzmotors.com\/"},{"@type":"ListItem","position":2,"name":"Privacy policy"}]},{"@type":"WebSite","@id":"https:\/\/go.blitzmotors.com\/#website","url":"https:\/\/go.blitzmotors.com\/","name":"Blitz","description":"Pour les entreprises","publisher":{"@id":"https:\/\/go.blitzmotors.com\/#organization"},"potentialAction":[{"@type":"SearchAction","target":{"@type":"EntryPoint","urlTemplate":"https:\/\/go.blitzmotors.com\/?s={search_term_string}"},"query-input":{"@type":"PropertyValueSpecification","valueRequired":true,"valueName":"search_term_string"}}],"inLanguage":"fr-BE"},{"@type":"Organization","@id":"https:\/\/go.blitzmotors.com\/#organization","name":"Blitz","url":"https:\/\/go.blitzmotors.com\/","logo":{"@type":"ImageObject","inLanguage":"fr-BE","@id":"https:\/\/go.blitzmotors.com\/#\/schema\/logo\/image\/","url":"https:\/\/go.blitzmotors.com\/wp-content\/uploads\/2022\/06\/logo.png","contentUrl":"https:\/\/go.blitzmotors.com\/wp-content\/uploads\/2022\/06\/logo.png","width":522,"height":157,"caption":"Blitz"},"image":{"@id":"https:\/\/go.blitzmotors.com\/#\/schema\/logo\/image\/"}}]}},"_links":{"self":[{"href":"https:\/\/go.blitzmotors.com\/fr\/wp-json\/wp\/v2\/pages\/3","targetHints":{"allow":["GET"]}}],"collection":[{"href":"https:\/\/go.blitzmotors.com\/fr\/wp-json\/wp\/v2\/pages"}],"about":[{"href":"https:\/\/go.blitzmotors.com\/fr\/wp-json\/wp\/v2\/types\/page"}],"author":[{"embeddable":true,"href":"https:\/\/go.blitzmotors.com\/fr\/wp-json\/wp\/v2\/users\/1"}],"replies":[{"embeddable":true,"href":"https:\/\/go.blitzmotors.com\/fr\/wp-json\/wp\/v2\/comments?post=3"}],"version-history":[{"count":7,"href":"https:\/\/go.blitzmotors.com\/fr\/wp-json\/wp\/v2\/pages\/3\/revisions"}],"predecessor-version":[{"id":1161,"href":"https:\/\/go.blitzmotors.com\/fr\/wp-json\/wp\/v2\/pages\/3\/revisions\/1161"}],"wp:attachment":[{"href":"https:\/\/go.blitzmotors.com\/fr\/wp-json\/wp\/v2\/media?parent=3"}],"curies":[{"name":"wp","href":"https:\/\/api.w.org\/{rel}","templated":true}]}}